{"id":352,"date":"2025-06-23T10:42:37","date_gmt":"2025-06-23T15:42:37","guid":{"rendered":"https:\/\/soluti.pe\/legal\/?page_id=352"},"modified":"2026-02-02T21:57:45","modified_gmt":"2026-02-03T02:57:45","slug":"entidad-certificacion","status":"publish","type":"page","link":"https:\/\/soluti.pe\/legal\/entidad-certificacion","title":{"rendered":"Declaraci\u00f3n de Pr\u00e1cticas de Certificaci\u00f3n (DPC)"},"content":{"rendered":"\n<p>En este sitio web se encuentra publicada nuestra DPC (Declaraci\u00f3n de Pr\u00e1cticas de Certificaci\u00f3n) que establece las pr\u00e1cticas que lleva a cabo, nuestra empresa, <strong>IDENTITY DEL PER\u00da S.A. <\/strong>identificada con <strong>RUC Nro. 20607123463<\/strong>, en adelante <strong>EC SOLUTI LATAM PERU<\/strong>., para emitir, gestionar, revocar y renovar certificados digitales, siguiendo el est\u00e1ndar RFC 3647 \u201cInternet X.509 Public Key Infrastructure Certificate Policy and Certification Practices Framework\u201d.<\/p>\n\n\n\n<p><strong>IDENTITY DEL PER\u00da S.A.<\/strong> declara para todos los efectos que cumple con todos los requisitos establecidos en la Gu\u00eda de Acreditaci\u00f3n EC requerida por el INDECOPI en Per\u00fa.<\/p>\n\n\n\n<figure class=\"wp-block-table\"><table class=\"has-fixed-layout\"><thead><tr><th>Documento<\/th><th>Descripci\u00f3n<\/th><th>Actualizaci\u00f3n<\/th><\/tr><\/thead><tbody><tr><td><strong>Resoluci\u00f3n IOFE-INDECOPI como Entidad de Certificaci\u00f3n <\/strong>para emitir Certificados digitales en Per\u00fa.<br><img loading=\"lazy\" decoding=\"async\" width=\"25\" height=\"25\" class=\"wp-image-365\" style=\"width: 25px;\" src=\"https:\/\/soluti.pe\/legal\/wp-content\/uploads\/icono-pdf-1.png\" alt=\"Version PDF\"> <strong><a href=\"https:\/\/06ba25dc7294e3babc7f-8990cf599687cff641ec1c00544a1abf.ssl.cf5.rackcdn.com\/Entidad-Certificacion\/172-2025DGI-INDECOPI-Acreditacion-EC-IDENTITY-DEL-PERU-SA.pdf\">Descargar Resoluci\u00f3n<\/a><\/strong><\/td><td>Resoluci\u00f3n <strong>N\u00ba 172-2025\/DGI-INDECOPI<\/strong> que confirma que IDENTITY DEL PER\u00da S.A es una Entidad de Certificaci\u00f3n para la emisi\u00f3n de certificados digitales.<\/td><td>Fecha: 25.07.2025<\/td><\/tr><tr><td><strong>CPS\/DPC &#8211; Pol\u00edticas de Certificaci\u00f3n y Declaraci\u00f3n de Pr\u00e1cticas como Entidad de Certificaci\u00f3n<\/strong><br><br><img loading=\"lazy\" decoding=\"async\" width=\"22\" height=\"22\" class=\"wp-image-365\" style=\"width: 22px;\" src=\"https:\/\/soluti.pe\/legal\/wp-content\/uploads\/icono-pdf-1.png\" alt=\"Version PDF\"> <strong><a href=\"https:\/\/06ba25dc7294e3babc7f-8990cf599687cff641ec1c00544a1abf.ssl.cf5.rackcdn.com\/Entidad-Certificacion\/CPS-DPC%20EC%20IDENTITY%20DEL%20PERU%20SA%201.3_v210725.pdf\">Descargar CPS\/DPC<\/a><a href=\"https:\/\/06ba25dc7294e3babc7f-8990cf599687cff641ec1c00544a1abf.ssl.cf5.rackcdn.com\/Entidad-Certificacion\/DCP-IDENTITY-DEL-PERU-SA-EC%20SOLUTI-LATAM-PERU-v1.1_230625.pdf\">&nbsp;<\/a><\/strong><\/td><td>Puede acceder al documento DPC\/CPS de Declaraci\u00f3n de Pr\u00e1cticas de Entidad de Certificaci\u00f3n.<\/td><td>Versi\u00f3n: v1.3 &#8211; 21.07.2025<\/td><\/tr><tr><td><strong>Organigrama y Memoria Descriptiva de la Entidad de Certificaci\u00f3n &#8211; EC<\/strong><br><br><img loading=\"lazy\" decoding=\"async\" width=\"22\" height=\"22\" class=\"wp-image-365\" style=\"width: 22px;\" src=\"https:\/\/soluti.pe\/legal\/wp-content\/uploads\/icono-pdf-1.png\" alt=\"Version PDF\"> <a href=\"https:\/\/06ba25dc7294e3babc7f-8990cf599687cff641ec1c00544a1abf.ssl.cf5.rackcdn.com\/Entidad-Certificacion\/IDENTITY-EC-Memoria%20descriptiva%20y%20organigrama_210725.pdf\">Descargar Documento <\/a><br><\/td><td>Conozca c\u00f3mo est\u00e1 organizada y estructurada nuestra organizaci\u00f3n as\u00ed como a las principales autoridades de nuestra EC.<\/td><td>21.07.2025<\/td><\/tr><tr><td><strong>Planes y Directivas como Entidad de Certificaci\u00f3n<\/strong><br><br><img loading=\"lazy\" decoding=\"async\" width=\"22\" height=\"22\" class=\"wp-image-365\" style=\"width: 22px;\" src=\"https:\/\/soluti.pe\/legal\/wp-content\/uploads\/icono-pdf-1.png\" alt=\"Version PDF\"> <a href=\"https:\/\/06ba25dc7294e3babc7f-8990cf599687cff641ec1c00544a1abf.ssl.cf5.rackcdn.com\/Entidad-Certificacion\/Politicas-Privacidad-EC-IDENTITY-DEL-PERU-SA_v1.0.pdf\">Pol\u00edticas de Privacidad<\/a><br><img loading=\"lazy\" decoding=\"async\" width=\"22\" height=\"22\" class=\"wp-image-365\" style=\"width: 22px;\" src=\"https:\/\/soluti.pe\/legal\/wp-content\/uploads\/icono-pdf-1.png\" alt=\"Version PDF\"> <strong><a href=\"https:\/\/soluti.pe\/legal\/wp-content\/uploads\/Plan-de-Privacidad-EC-IDENTITY.pdf\">Planes de Privacidad<\/a><\/strong><br><img loading=\"lazy\" decoding=\"async\" width=\"22\" height=\"22\" class=\"wp-image-365\" style=\"width: 22px;\" src=\"https:\/\/soluti.pe\/legal\/wp-content\/uploads\/icono-pdf-1.png\" alt=\"Version PDF\"> <a href=\"https:\/\/06ba25dc7294e3babc7f-8990cf599687cff641ec1c00544a1abf.ssl.cf5.rackcdn.com\/Entidad-Certificacion\/Politica-de-Seguridad-EC-IDENTITY-DEL-PERU-SA-v1.0.pdf\">Pol\u00edticas de Seguridad<\/a><\/td><td>Puede acceder a nuestras pol\u00edticas de seguridad y privacidad para nuestra labor como Entidad de Certificaci\u00f3n, aprobado por INDECOPI en Per\u00fa.<\/td><td>21.07.2025<\/td><\/tr><tr><td><strong>P\u00f3liza de Responsabilidad Civil como EC<\/strong> <br>Valor de P\u00f3liza USD 100,00.00 d\u00f3lares americanos.<br><br><a href=\"https:\/\/soluti.pe\/docs\/IOFE\/PRC-IDENTITYDELPERUSA-EC-V300126.pdf\"><img loading=\"lazy\" decoding=\"async\" width=\"22\" height=\"22\" class=\"wp-image-365\" style=\"width: 22px;\" src=\"https:\/\/soluti.pe\/legal\/wp-content\/uploads\/icono-pdf-1.png\" alt=\"Version PDF\"> Descargar Poliza RCP<\/a><\/td><td>Extracto del Contrato de la P\u00f3liza Responsabilidad Civil Profesional que asegura nuestros servicios de Certificaci\u00f3n Digital como EC.<\/td><td>15.12.2025<\/td><\/tr><\/tbody><\/table><\/figure>\n\n\n\n<ul class=\"wp-block-list\">\n<li><a>Certificado Ra\u00edz<\/a>\n<ul class=\"wp-block-list\">\n<li>http:\/\/latam.rep.solutitech.com\/cacert\/ec-soluti-latam-root.crt <\/li>\n<\/ul>\n<\/li>\n\n\n\n<li><strong>Certificados Subordinados<\/strong>\n<ul class=\"wp-block-list\">\n<li>http:\/\/latam.rep.solutitech.com\/cacert\/ec-soluti-latam-identity-peru-v1.crt<\/li>\n<\/ul>\n<\/li>\n\n\n\n<li><strong>Lista Certificados Revocados (CRL)<\/strong><ul><li>http:\/\/latam.rep.solutitech.com\/crl\/ec-soluti-latam-root.crl<\/li><\/ul>\n<ul class=\"wp-block-list\">\n<li>http:\/\/latam.rep.solutitech.com\/crl\/ec-soluti-latam-identity-peru-v1.crl<\/li>\n<\/ul>\n<\/li>\n<\/ul>\n\n\n\n<h3 class=\"wp-block-heading\">Solicitud y compra de certificados digitales acreditados por INDECOPI en Per\u00fa<\/h3>\n\n\n\n<div class=\"wp-block-columns are-vertically-aligned-center is-layout-flex wp-container-core-columns-is-layout-28f84493 wp-block-columns-is-layout-flex\">\n<div class=\"wp-block-column is-vertically-aligned-center is-layout-flow wp-block-column-is-layout-flow\" style=\"flex-basis:100%\">\n<div class=\"wp-block-buttons is-layout-flex wp-block-buttons-is-layout-flex\">\n<div class=\"wp-block-button\"><a class=\"wp-block-button__link wp-element-button\" href=\"https:\/\/certificacion.soluti.pe\/pki\/certificateRequest\/certificado-tributario-sunat\">Comprar Certificados SUNAT<\/a><\/div>\n\n\n\n<div class=\"wp-block-button\"><a class=\"wp-block-button__link wp-element-button\" href=\"https:\/\/certificacion.soluti.pe\/pki\/certificateRequest\/primerid-cpp\">Certificados Firma Digital PDF<\/a><\/div>\n\n\n\n<div class=\"wp-block-button is-style-outline is-style-outline--1\"><a class=\"wp-block-button__link wp-element-button\" href=\"https:\/\/certificacion.soluti.pe\/\">Acceso ER y Distribuidores<\/a><\/div>\n\n\n\n<div class=\"wp-block-button is-style-outline is-style-outline--2\"><a class=\"wp-block-button__link wp-element-button\" href=\"https:\/\/soluti.pe\/soporte\">Revocar Certificado Digital<\/a><\/div>\n<\/div>\n<\/div>\n<\/div>\n\n\n\n<p><\/p>\n","protected":false},"excerpt":{"rendered":"<p>En este sitio web se encuentra publicada nuestra DPC (Declaraci\u00f3n de Pr\u00e1cticas de Certificaci\u00f3n) que establece las pr\u00e1cticas que lleva a cabo, nuestra empresa, IDENTITY DEL PER\u00da S.A. identificada con RUC Nro. 20607123463, en adelante EC SOLUTI LATAM PERU., para emitir, gestionar, revocar y renovar certificados digitales, siguiendo el est\u00e1ndar RFC 3647 \u201cInternet X.509 Public [&hellip;]<\/p>\n","protected":false},"author":1,"featured_media":0,"parent":0,"menu_order":0,"comment_status":"closed","ping_status":"closed","template":"","meta":{"footnotes":""},"class_list":["post-352","page","type-page","status-publish","hentry"],"_links":{"self":[{"href":"https:\/\/soluti.pe\/legal\/wp-json\/wp\/v2\/pages\/352","targetHints":{"allow":["GET"]}}],"collection":[{"href":"https:\/\/soluti.pe\/legal\/wp-json\/wp\/v2\/pages"}],"about":[{"href":"https:\/\/soluti.pe\/legal\/wp-json\/wp\/v2\/types\/page"}],"author":[{"embeddable":true,"href":"https:\/\/soluti.pe\/legal\/wp-json\/wp\/v2\/users\/1"}],"replies":[{"embeddable":true,"href":"https:\/\/soluti.pe\/legal\/wp-json\/wp\/v2\/comments?post=352"}],"version-history":[{"count":38,"href":"https:\/\/soluti.pe\/legal\/wp-json\/wp\/v2\/pages\/352\/revisions"}],"predecessor-version":[{"id":438,"href":"https:\/\/soluti.pe\/legal\/wp-json\/wp\/v2\/pages\/352\/revisions\/438"}],"wp:attachment":[{"href":"https:\/\/soluti.pe\/legal\/wp-json\/wp\/v2\/media?parent=352"}],"curies":[{"name":"wp","href":"https:\/\/api.w.org\/{rel}","templated":true}]}}