{"id":314,"date":"2024-02-17T13:46:37","date_gmt":"2024-02-17T18:46:37","guid":{"rendered":"https:\/\/soluti.pe\/legal\/?page_id=314"},"modified":"2024-02-17T13:47:45","modified_gmt":"2024-02-17T18:47:45","slug":"flujo-transfronterizo","status":"publish","type":"page","link":"https:\/\/soluti.pe\/legal\/privacidad\/flujo-transfronterizo","title":{"rendered":"Declaraci\u00f3n de Flujo Transfronterizo"},"content":{"rendered":"\n<p><a href=\"https:\/\/soluti.pe\/legal\/privacidad\">\u2190<\/a> <a href=\"https:\/\/soluti.pe\/legal\/privacidad\">Volver Portal de Privacidad<\/a><\/p>\n\n\n\n<ul class=\"wp-block-list\">\n<li>Con la finalidad de ejecutar las prestaciones que corresponden y que est\u00e1n relacionadas con el servicio y producto brindado, y previa declaraci\u00f3n de la autoridad competente, s\u00f3lo realizaremos flujo transfronterizo de tus datos personales cuando hayamos recibido tu autorizaci\u00f3n, consentimiento previo, informado, expreso e inequ\u00edvoco.<\/li>\n\n\n\n<li>Tendr\u00e1s derecho a impedir la transferencia de tus datos personales fuera de Per\u00fa incluso con posterioridad a tu consentimiento, de manera expresa con una Solicitud de Derechos ARCO y cuando \u00e9sta transferencia afecte tus derechos fundamentales.<\/li>\n\n\n\n<li>Todos o algunos de los datos personales de nuestros usuarios se tratan en pa\u00edses donde mantienen niveles de protecci\u00f3n suficientes, adecuados o equivalentes a lo previsto en la Ley de Protecci\u00f3n de Datos Personales de Per\u00fa.<\/li>\n\n\n\n<li>Podr\u00edamos tratar tu informaci\u00f3n personal fuera de Per\u00fa en pa\u00edses como Brasil, Colombia, Espa\u00f1a, Panam\u00e1, Estados Unidos, Reino Unido, China, Polonia y Alemania. Estos pa\u00edses se encuentran sujetos a las pol\u00edticas del Escudo de Privacidad o la General Data Protection Regulation (GDPR). M\u00e1s informaci\u00f3n: https:\/\/www.privacyshield.gov\/ https:\/\/eugdpr.org\/<\/li>\n<\/ul>\n\n\n\n<p><a href=\"https:\/\/soluti.pe\/legal\/privacidad\">\u2190<\/a> <a href=\"https:\/\/soluti.pe\/legal\/privacidad\">Volver Portal de Privacidad<\/a><\/p>\n","protected":false},"excerpt":{"rendered":"<p>\u2190 Volver Portal de Privacidad \u2190 Volver Portal de Privacidad<\/p>\n","protected":false},"author":1,"featured_media":0,"parent":3,"menu_order":0,"comment_status":"closed","ping_status":"closed","template":"","meta":{"footnotes":""},"class_list":["post-314","page","type-page","status-publish","hentry"],"_links":{"self":[{"href":"https:\/\/soluti.pe\/legal\/wp-json\/wp\/v2\/pages\/314","targetHints":{"allow":["GET"]}}],"collection":[{"href":"https:\/\/soluti.pe\/legal\/wp-json\/wp\/v2\/pages"}],"about":[{"href":"https:\/\/soluti.pe\/legal\/wp-json\/wp\/v2\/types\/page"}],"author":[{"embeddable":true,"href":"https:\/\/soluti.pe\/legal\/wp-json\/wp\/v2\/users\/1"}],"replies":[{"embeddable":true,"href":"https:\/\/soluti.pe\/legal\/wp-json\/wp\/v2\/comments?post=314"}],"version-history":[{"count":2,"href":"https:\/\/soluti.pe\/legal\/wp-json\/wp\/v2\/pages\/314\/revisions"}],"predecessor-version":[{"id":316,"href":"https:\/\/soluti.pe\/legal\/wp-json\/wp\/v2\/pages\/314\/revisions\/316"}],"up":[{"embeddable":true,"href":"https:\/\/soluti.pe\/legal\/wp-json\/wp\/v2\/pages\/3"}],"wp:attachment":[{"href":"https:\/\/soluti.pe\/legal\/wp-json\/wp\/v2\/media?parent=314"}],"curies":[{"name":"wp","href":"https:\/\/api.w.org\/{rel}","templated":true}]}}