{"id":308,"date":"2024-02-17T13:41:51","date_gmt":"2024-02-17T18:41:51","guid":{"rendered":"https:\/\/soluti.pe\/legal\/?page_id=308"},"modified":"2024-02-17T13:44:55","modified_gmt":"2024-02-17T18:44:55","slug":"cookies","status":"publish","type":"page","link":"https:\/\/soluti.pe\/legal\/privacidad\/cookies","title":{"rendered":"Pol\u00edticas de Cookies"},"content":{"rendered":"\n<p><a href=\"https:\/\/soluti.pe\/legal\/privacidad\">\u2190<\/a> <a href=\"https:\/\/soluti.pe\/legal\/privacidad\">Volver Portal de Privacidad<\/a><\/p>\n\n\n\n<p>Una cookie es un peque\u00f1o fragmento de texto que enviamos a su navegador y que permite que nuestro sitio web recuerde informaci\u00f3n sobre su visita y otras preferencias. En Intellisign utilizamos cookies propias y de terceros para mejorar su experiencia de usuario y ofrecerle mejores servicios.<\/p>\n\n\n\n<h4 class=\"wp-block-heading\">\u00bfQu\u00e9 son las Cookies y para qu\u00e9 sirven?<\/h4>\n\n\n\n<p>Las cookies ficheros de textos que se instalan en tu dispositivo de navegaci\u00f3n (por ejemplo tu computador, tablet o tel\u00e9fono m\u00f3vil) cuando visitas un sitio o sistema web. Las cookies se utilizan para garantizar la calidad, usabilidad y correcto funcionamiento de los sitios web, adem\u00e1s de para almacenar y recuperar informaci\u00f3n sobre tus h\u00e1bitos de navegaci\u00f3n y personalizar contenidos, pudiendo utilizarse en ocasiones para reconocerte como uno de nuestros usuarios.<\/p>\n\n\n\n<p>Las Cookies se asocian \u00fanicamente a tu navegador y no proporcionan por s\u00ed mismas datos personales. Adem\u00e1s las cookies no pueden da\u00f1ar tu dispositivo y adem\u00e1s son muy \u00fatiles, ya que nos ayudan a identificar y resolver errores.<\/p>\n\n\n\n<h4 class=\"wp-block-heading\">Las Cookies son amigables y te ayudan<\/h4>\n\n\n\n<p>Las cookies son esenciales para el funcionamiento de nuestros sitios y servicios Web, y en ning\u00fan caso suponen un riesgo para tu equipo o tu dispositivo de navegaci\u00f3n. De hecho, pueden ayudarnos a reconocer la necesidad de mejoras en partes del Sitio o Sistema web y a detectar errores de funcionamiento.<\/p>\n\n\n\n<p>Sin las Cookies Esenciales o Indispensables, varios de nuestros servicios web no podr\u00edan funcionar correctamente, ya que dependen de ellas para adaptar el comportamiento de algunas funciones que proveemos.<\/p>\n\n\n\n<p>Te invitamos a informarte m\u00e1s del funcionamiento de Cookies en Espa\u00f1ol desde&nbsp;<a href=\"https:\/\/es.wikipedia.org\/wiki\/Cookie_(inform%C3%A1tica)\">Wikipedia<\/a>&nbsp;(<a href=\"https:\/\/es.wikipedia.org\/wiki\/Cookie_(inform%C3%A1tica)\">\u00bfQu\u00e9 son Cookies?<\/a>)<\/p>\n\n\n\n<h4 class=\"wp-block-heading\">Tipos de Cookies que utilizamos<\/h4>\n\n\n\n<p>A continuaci\u00f3n describimos los diferentes tipos de Cookies, que dependiendo del sitio o servicio web en el que te encuentres podemos desplegar, para mejorar tu experiencia de uso:<\/p>\n\n\n\n<ol class=\"wp-block-list\">\n<li>Cookies seg\u00fan la entidad que las gestiona: Pueden ser Cookies propias si la p\u00e1gina web, WebApp o sistema web es administrado directamente por Intellisign y las Cookies son creadas y enviada por nosotros. Pueden ser Cookies de terceros, en el caso que el servicio no fuera gestionado total o parcialmente por Intellisign.<\/li>\n\n\n\n<li>Cookies seg\u00fan el tiempo que permanecen almacenadas: Seg\u00fan el plazo de tiempo que permanecen almacenadas en tu navegador podemos manejar cookies de sesi\u00f3n para recabar informaci\u00f3n durante su visita o logins a nuestros sistemas web, o nuestro sitio web y cookies persistentes que pueden durar algunos minutos o varios a\u00f1os.<\/li>\n\n\n\n<li>Cookies seg\u00fan su finalidad: En Intellisign podemos enviar Cookies de sesi\u00f3n para seguridad, de preferencias o personalizaci\u00f3n, de an\u00e1lisis o medici\u00f3n, publicitarias o publicitarias comportamental.<\/li>\n<\/ol>\n\n\n\n<p> <a href=\"https:\/\/soluti.pe\/legal\/privacidad\">\u2190<\/a> <a href=\"https:\/\/soluti.pe\/legal\/privacidad\">Volver Portal de Privacidad<\/a><\/p>\n","protected":false},"excerpt":{"rendered":"<p>\u2190 Volver Portal de Privacidad Una cookie es un peque\u00f1o fragmento de texto que enviamos a su navegador y que permite que nuestro sitio web recuerde informaci\u00f3n sobre su visita y otras preferencias. En Intellisign utilizamos cookies propias y de terceros para mejorar su experiencia de usuario y ofrecerle mejores servicios. \u00bfQu\u00e9 son las Cookies [&hellip;]<\/p>\n","protected":false},"author":1,"featured_media":0,"parent":3,"menu_order":0,"comment_status":"closed","ping_status":"closed","template":"","meta":{"footnotes":""},"class_list":["post-308","page","type-page","status-publish","hentry"],"_links":{"self":[{"href":"https:\/\/soluti.pe\/legal\/wp-json\/wp\/v2\/pages\/308","targetHints":{"allow":["GET"]}}],"collection":[{"href":"https:\/\/soluti.pe\/legal\/wp-json\/wp\/v2\/pages"}],"about":[{"href":"https:\/\/soluti.pe\/legal\/wp-json\/wp\/v2\/types\/page"}],"author":[{"embeddable":true,"href":"https:\/\/soluti.pe\/legal\/wp-json\/wp\/v2\/users\/1"}],"replies":[{"embeddable":true,"href":"https:\/\/soluti.pe\/legal\/wp-json\/wp\/v2\/comments?post=308"}],"version-history":[{"count":5,"href":"https:\/\/soluti.pe\/legal\/wp-json\/wp\/v2\/pages\/308\/revisions"}],"predecessor-version":[{"id":313,"href":"https:\/\/soluti.pe\/legal\/wp-json\/wp\/v2\/pages\/308\/revisions\/313"}],"up":[{"embeddable":true,"href":"https:\/\/soluti.pe\/legal\/wp-json\/wp\/v2\/pages\/3"}],"wp:attachment":[{"href":"https:\/\/soluti.pe\/legal\/wp-json\/wp\/v2\/media?parent=308"}],"curies":[{"name":"wp","href":"https:\/\/api.w.org\/{rel}","templated":true}]}}