{"id":299,"date":"2024-02-17T13:35:27","date_gmt":"2024-02-17T18:35:27","guid":{"rendered":"https:\/\/soluti.pe\/legal\/?page_id=299"},"modified":"2024-02-17T13:40:34","modified_gmt":"2024-02-17T18:40:34","slug":"encargados-tratamiento","status":"publish","type":"page","link":"https:\/\/soluti.pe\/legal\/privacidad\/encargados-tratamiento","title":{"rendered":"Encargados de Tratamiento"},"content":{"rendered":"\n<p><a href=\"https:\/\/soluti.pe\/legal\/privacidad\">\u2190<\/a> <a href=\"https:\/\/soluti.pe\/legal\/privacidad\">Volver Portal de Privacidad<\/a><\/p>\n\n\n\n<p>SOLUTI PER\u00da (Titular: IDENTITY DEL PERU S.A. \u2013 RUC: 20607123463) como titular del banco de datos es el responsable del tratamiento, determinando los fines y los medios relacionados con el tratamiento de los datos personales de sus clientes y usuarios, decidiendo por qu\u00e9 y c\u00f3mo deber\u00e1n tratarse \u00e9stos datos personales, pero en alg\u00fan momento de este tratamiento requerir\u00e1 de la ayuda de proveedores o empresas especializadas en diversos servicios a los que Intellisign no tiene alcance o enfoque. A este tipo de empresas se les conoce como \u00abEncargados del Tratamiento\u00bb.<\/p>\n\n\n\n<p>El encargado del tratamiento trata los datos personales s\u00f3lo con autorizaci\u00f3n y directivas de SOLUTI PER\u00da. Puede conocer la lista completa de empresas a las que encargamos total o parcialmente su informaci\u00f3n:<\/p>\n\n\n\n<p>El encargado del tratamiento trata los datos personales s\u00f3lo con autorizaci\u00f3n y directivas de SOLUTI PERU. Puede conocer la lista de empresas a las que encargamos total o parcialmente su informaci\u00f3n:<\/p>\n\n\n\n<p><\/p>\n\n\n\n<figure class=\"wp-block-table is-style-stripes\"><table><thead><tr><th>Proveedor<\/th><th>Pa\u00eds<\/th><th>Contrato<\/th><th>Finalidad<\/th><\/tr><\/thead><tbody><tr><th>Am\u00e9rica M\u00f3viles Per\u00fa S.A.<\/th><td>Per\u00fa<\/td><td>Activo<\/td><td>Comunicaciones, Conectividad Internet<\/td><\/tr><tr><th>Infobip Per\u00fa S.A.C.<\/th><td>Per\u00fa<\/td><td>Activo<\/td><td>Notificaciones de SMS.<\/td><\/tr><tr><th>Computrabajo Per\u00fa S.A.C.<\/th><td>Per\u00fa<\/td><td>Activo<\/td><td>Bolsa laboral<\/td><\/tr><tr><th>AFP Integra<\/th><td>Per\u00fa<\/td><td>Activo<\/td><td>Fondo de pensiones<\/td><\/tr><tr><th>AFP Prima<\/th><td>Per\u00fa<\/td><td>Activo<\/td><td>Fondo de pensiones<\/td><\/tr><tr><th>AFP Habitat<\/th><td>Per\u00fa<\/td><td>Activo<\/td><td>Fondo de pensiones<\/td><\/tr><tr><th>AFP Profuturo<\/th><td>Per\u00fa<\/td><td>Activo<\/td><td>Fondo de pensiones<\/td><\/tr><tr><th>Pac\u00edfico Seguros<\/th><td>Per\u00fa<\/td><td>Activo<\/td><td>Seguros, Servicios M\u00e9dicos<\/td><\/tr><tr><th>Rimac Seguros y Reaseguros<\/th><td>Per\u00fa<\/td><td>Activo<\/td><td>Seguros, Servicios M\u00e9dicos<\/td><\/tr><tr><th>MAPFRE C\u00eda de Seguros y Reaseguros<\/th><td>Per\u00fa<\/td><td>Activ<a href=\"https:\/\/privacidad.gramd.com\/pe\/encargados-tratamiento\/#\">o<\/a><\/td><td>Seguros, Servicios M\u00e9dicos<\/td><\/tr><tr><th>Hetzner Online GmbH<\/th><td>Alemania<\/td><td>Activo<\/td><td>Alojamiento de Datos<\/td><\/tr><tr><th>Bit4 Group, S.R.L.<\/th><td>Espa\u00f1a<\/td><td>Activo<\/td><td>CA, Certificados Digitales<\/td><\/tr><tr><th>Entrust Datacard Inc.<\/th><td>Estados Unidos<\/td><td>Activo<\/td><td>CA, Certificados Digitales<\/td><\/tr><tr><th>DigiCert, Inc.<\/th><td>Estados Unidos<\/td><td>Activo<\/td><td>CA, Certificados Digitales<\/td><\/tr><tr><th>Formstack Inc.<\/th><td>Estados Unidos<\/td><td>Activo<\/td><td>Alojamiento y registros de formularios.<\/td><\/tr><tr><th>Amazon Web Services, Inc.<\/th><td>Estados Unidos<\/td><td>Activo<\/td><td>Alojamiento de datos<\/td><\/tr><tr><th>Google, Inc.<\/th><td>Estados Unidos<\/td><td>Activo<\/td><td>Gesti\u00f3n de Anal\u00edtica, Publicidad<\/td><\/tr><tr><th>Microsoft, Inc.<\/th><td>Estados Unidos<\/td><td>Activo<\/td><td>Correos electr\u00f3nicos, comunicaciones, gesti\u00f3n de documentos<\/td><\/tr><tr><th>LinkedIn, Inc.<\/th><td>Estados Unidos<\/td><td>Activo<\/td><td>Gesti\u00f3n de leads, campa\u00f1as y perfilamiento clientes<\/td><\/tr><tr><th>DigitalOcean, LLC.<\/th><td>Estados Unidos<\/td><td>Activo<\/td><td>Alojamiento de datos<\/td><\/tr><tr><th>Inmotion Hosting, Inc.<\/th><td>Estados Unidos<\/td><td>Activo<\/td><td>Alojamiento de datos<\/td><\/tr><tr><th>Rackspace, Inc.<\/th><td>Estados Unidos<\/td><td>Activo<\/td><td>Alojamiento de datos<\/td><\/tr><tr><th>Campaign Monitor Pty Ltd.<\/th><td>Reino Unido<\/td><td>Activo<\/td><td>Gesti\u00f3n de correos electr\u00f3nicos publicitarios.<\/td><\/tr><tr><th>Sectigo Ltd.<\/th><td>Reino Unido<\/td><td>Activo<\/td><td>CA, Certificados Digitales<\/td><\/tr><tr><th>Dacoda ehf<\/th><td>Islandia<\/td><td>Activo<\/td><td>Gesti\u00f3n del consentimiento de cookies.<\/td><\/tr><tr><th>Soluti Solu\u00e7\u00f5es Em Neg\u00f3cios Inteligentes S.A<\/th><td>Brasil<\/td><td>Activo<\/td><td>Gesti\u00f3n financiera, comercial y direcci\u00f3n.<\/td><\/tr><\/tbody><\/table><\/figure>\n\n\n\n<p><a href=\"https:\/\/soluti.pe\/legal\/privacidad\">\u2190<\/a> <a href=\"https:\/\/soluti.pe\/legal\/privacidad\">Volver Portal de Privacidad<\/a><\/p>\n","protected":false},"excerpt":{"rendered":"<p>\u2190 Volver Portal de Privacidad SOLUTI PER\u00da (Titular: IDENTITY DEL PERU S.A. \u2013 RUC: 20607123463) como titular del banco de datos es el responsable del tratamiento, determinando los fines y los medios relacionados con el tratamiento de los datos personales de sus clientes y usuarios, decidiendo por qu\u00e9 y c\u00f3mo deber\u00e1n tratarse \u00e9stos datos personales, [&hellip;]<\/p>\n","protected":false},"author":1,"featured_media":0,"parent":3,"menu_order":0,"comment_status":"closed","ping_status":"closed","template":"","meta":{"footnotes":""},"class_list":["post-299","page","type-page","status-publish","hentry"],"_links":{"self":[{"href":"https:\/\/soluti.pe\/legal\/wp-json\/wp\/v2\/pages\/299","targetHints":{"allow":["GET"]}}],"collection":[{"href":"https:\/\/soluti.pe\/legal\/wp-json\/wp\/v2\/pages"}],"about":[{"href":"https:\/\/soluti.pe\/legal\/wp-json\/wp\/v2\/types\/page"}],"author":[{"embeddable":true,"href":"https:\/\/soluti.pe\/legal\/wp-json\/wp\/v2\/users\/1"}],"replies":[{"embeddable":true,"href":"https:\/\/soluti.pe\/legal\/wp-json\/wp\/v2\/comments?post=299"}],"version-history":[{"count":8,"href":"https:\/\/soluti.pe\/legal\/wp-json\/wp\/v2\/pages\/299\/revisions"}],"predecessor-version":[{"id":307,"href":"https:\/\/soluti.pe\/legal\/wp-json\/wp\/v2\/pages\/299\/revisions\/307"}],"up":[{"embeddable":true,"href":"https:\/\/soluti.pe\/legal\/wp-json\/wp\/v2\/pages\/3"}],"wp:attachment":[{"href":"https:\/\/soluti.pe\/legal\/wp-json\/wp\/v2\/media?parent=299"}],"curies":[{"name":"wp","href":"https:\/\/api.w.org\/{rel}","templated":true}]}}