{"id":291,"date":"2024-02-17T13:30:10","date_gmt":"2024-02-17T18:30:10","guid":{"rendered":"https:\/\/soluti.pe\/legal\/?page_id=291"},"modified":"2024-10-07T09:25:46","modified_gmt":"2024-10-07T14:25:46","slug":"bancos-registrados","status":"publish","type":"page","link":"https:\/\/soluti.pe\/legal\/privacidad\/bancos-registrados","title":{"rendered":"Bancos de Datos Registrados"},"content":{"rendered":"\n<p><a href=\"https:\/\/soluti.pe\/legal\/privacidad\">\u2190<\/a> <a href=\"https:\/\/soluti.pe\/legal\/privacidad\">Volver Portal de Privacidad<\/a><\/p>\n\n\n\n<p>SOLUTI PER\u00da (Titular: IDENTITY DEL PERU S.A. &#8211; RUC: 20607123463) recopila datos suyos a trav\u00e9s de sus interacciones con nuestras aplicaciones y servicios Web as\u00ed como de otros productos digitales. Conozca qu\u00e9 bancos de datos hemos registrado ante la autoridad reguladora y cu\u00e1les son sus utilidades y caracter\u00edsticas.<\/p>\n\n\n\n<p><\/p>\n\n\n\n<figure class=\"wp-block-table is-style-stripes\"><table><thead><tr><th>Nombre de banco<\/th><th>Regulador<\/th><th>Flujo Transfronterizo<\/th><th>Tratamiento<\/th><th>Resoluci\u00f3n<\/th><\/tr><\/thead><tbody><tr><td>Clientes ERP Facturaci\u00f3n<\/td><td>ANPD \u2013 Ministerio de Justicia<\/td><td>SI<\/td><td>Automatizado<\/td><td><a href=\"https:\/\/06ba25dc7294e3babc7f-8990cf599687cff641ec1c00544a1abf.ssl.cf5.rackcdn.com\/MINJUS%20Proteccion%20Datos%20Personales\/RD%203694-2021%20-%20Clientes%20ERP.pdf\">N\u00ba 3694-2021-JUS\/DGTAIPD-DPDP<\/a><\/td><\/tr><tr><td>Clientes Intellisign Cloud<\/td><td>ANPD \u2013 Ministerio de Justicia<\/td><td>SI<\/td><td>Automatizado<\/td><td><a href=\"https:\/\/06ba25dc7294e3babc7f-8990cf599687cff641ec1c00544a1abf.ssl.cf5.rackcdn.com\/MINJUS%20Proteccion%20Datos%20Personales\/RD%203695-2021%20-%20Clientes%20Intellisign%20CLoud.pdf\">N\u00ba 3695-2021-JUS\/DGTAIPD-DPDP<\/a><\/td><\/tr><tr><td>Prospectos Leads CRM<\/td><td>ANPD \u2013 Ministerio de Justicia<\/td><td>SI<\/td><td>Automatizado y no automatizado<\/td><td><a href=\"https:\/\/06ba25dc7294e3babc7f-8990cf599687cff641ec1c00544a1abf.ssl.cf5.rackcdn.com\/MINJUS%20Proteccion%20Datos%20Personales\/RD%203696-2021%20-%20Prospectos%20Leads.pdf\">N\u00ba 3696-2021-JUS\/DGTAIPD-DPDP<\/a><\/td><\/tr><tr><td>Trabajadores No Activos<\/td><td>ANPD \u2013 Ministerio de Justicia<\/td><td>SI<\/td><td>Automatizado y no automatizado<\/td><td><a href=\"https:\/\/06ba25dc7294e3babc7f-8990cf599687cff641ec1c00544a1abf.ssl.cf5.rackcdn.com\/MINJUS%20Proteccion%20Datos%20Personales\/RD%203697-2021%20-%20Trabajadores%20No%20Activos.pdf\">N\u00ba 3697-2021-JUS\/DGTAIPD-DPDP<\/a><\/td><\/tr><tr><td>Trabajadores Activos<\/td><td>ANPD \u2013 Ministerio de Justicia<\/td><td>SI<\/td><td>Automatizado y no automatizado<\/td><td><a href=\"https:\/\/06ba25dc7294e3babc7f-8990cf599687cff641ec1c00544a1abf.ssl.cf5.rackcdn.com\/MINJUS%20Proteccion%20Datos%20Personales\/RD%203699-2021%20-%20Trabajadores.pdf\">N\u00ba 3699-2021-JUS\/DGTAIPD-DPDP<\/a><\/td><\/tr><tr><td>Candidatos<\/td><td>ANPD \u2013 Ministerio de Justicia<\/td><td>SI<\/td><td>Automatizado<\/td><td><a href=\"https:\/\/06ba25dc7294e3babc7f-8990cf599687cff641ec1c00544a1abf.ssl.cf5.rackcdn.com\/MINJUS%20Proteccion%20Datos%20Personales\/RD%203698-2021%20-%20Candidatos.pdf\">N\u00ba 3698-2021-JUS\/DGTAIPD-DPDP<\/a><\/td><\/tr><\/tbody><\/table><\/figure>\n\n\n\n<p><a href=\"https:\/\/soluti.pe\/legal\/privacidad\">\u2190<\/a> <a href=\"https:\/\/soluti.pe\/legal\/privacidad\">Volver Portal de Privacidad<\/a><\/p>\n","protected":false},"excerpt":{"rendered":"<p>\u2190 Volver Portal de Privacidad SOLUTI PER\u00da (Titular: IDENTITY DEL PERU S.A. &#8211; RUC: 20607123463) recopila datos suyos a trav\u00e9s de sus interacciones con nuestras aplicaciones y servicios Web as\u00ed como de otros productos digitales. Conozca qu\u00e9 bancos de datos hemos registrado ante la autoridad reguladora y cu\u00e1les son sus utilidades y caracter\u00edsticas. Nombre de [&hellip;]<\/p>\n","protected":false},"author":1,"featured_media":0,"parent":3,"menu_order":0,"comment_status":"closed","ping_status":"closed","template":"","meta":{"footnotes":""},"class_list":["post-291","page","type-page","status-publish","hentry"],"_links":{"self":[{"href":"https:\/\/soluti.pe\/legal\/wp-json\/wp\/v2\/pages\/291","targetHints":{"allow":["GET"]}}],"collection":[{"href":"https:\/\/soluti.pe\/legal\/wp-json\/wp\/v2\/pages"}],"about":[{"href":"https:\/\/soluti.pe\/legal\/wp-json\/wp\/v2\/types\/page"}],"author":[{"embeddable":true,"href":"https:\/\/soluti.pe\/legal\/wp-json\/wp\/v2\/users\/1"}],"replies":[{"embeddable":true,"href":"https:\/\/soluti.pe\/legal\/wp-json\/wp\/v2\/comments?post=291"}],"version-history":[{"count":10,"href":"https:\/\/soluti.pe\/legal\/wp-json\/wp\/v2\/pages\/291\/revisions"}],"predecessor-version":[{"id":336,"href":"https:\/\/soluti.pe\/legal\/wp-json\/wp\/v2\/pages\/291\/revisions\/336"}],"up":[{"embeddable":true,"href":"https:\/\/soluti.pe\/legal\/wp-json\/wp\/v2\/pages\/3"}],"wp:attachment":[{"href":"https:\/\/soluti.pe\/legal\/wp-json\/wp\/v2\/media?parent=291"}],"curies":[{"name":"wp","href":"https:\/\/api.w.org\/{rel}","templated":true}]}}