{"id":267,"date":"2024-02-06T19:53:20","date_gmt":"2024-02-07T00:53:20","guid":{"rendered":"https:\/\/soluti.pe\/legal\/?page_id=267"},"modified":"2024-02-06T20:28:32","modified_gmt":"2024-02-07T01:28:32","slug":"fines-adicionales","status":"publish","type":"page","link":"https:\/\/soluti.pe\/legal\/privacidad\/fines-adicionales","title":{"rendered":"Tratamiento de datos para fines adicionales"},"content":{"rendered":"\n<div class=\"wp-block-buttons is-layout-flex wp-block-buttons-is-layout-flex\">\n<div class=\"wp-block-button is-style-outline is-style-outline--1\"><a class=\"wp-block-button__link wp-element-button\" href=\"\/legal\/privacidad\">&lt; Volver<\/a><\/div>\n\n\n\n<div class=\"wp-block-button is-style-outline is-style-outline--2\"><a class=\"wp-block-button__link wp-element-button\" href=\"\/legal\/privacidad\">Portal de Privacidad<\/a><\/div>\n<\/div>\n\n\n\n<p>Con su autorizaci\u00f3n, Identity del Per\u00fa S.A. (RUC: 20607123463) y Soluti Latam Per\u00fa S.A.C. (RUC: 20611364106) por separado o en su conjunto en adelante, \u00abSOLUTI PER\u00da\u00bb; tratar\u00e1n sus datos personales y\/o sensibles, los cuales se refieren a toda informaci\u00f3n que lo identifica o lo hace identificable, como sus: nombres, apellidos, documento de identidad, nacionalidad, direcci\u00f3n f\u00edsica y virtual, tel\u00e9fono, correo electr\u00f3nico, entre otros para prop\u00f3sitos comerciales, cumpliendo las siguientes finalidades:<\/p>\n\n\n\n<ol class=\"wp-block-list\">\n<li>Establecer un nuevo contacto comercial con usted por alguien de nuestro equipo.<\/li>\n\n\n\n<li>Mantenerle informado por diferentes medios de comunicaci\u00f3n como Tel\u00e9fono, Whatsapp, Telegram, SMS, E-mail o contacto presencial de novedades, promociones, descuentos, ofertas laborales y oportunidades de negocios que ser\u00e1n de gran valor para usted y su empresa u organizaci\u00f3n.<\/li>\n\n\n\n<li>Mantenerle informado por diferentes canales de atenci\u00f3n sobre nuevos beneficios que ofrece nuestra empresa o empresas del grupo, subsidiarias, sucursales, socios comerciales y\/o estrat\u00e9gicos en beneficio de usted y sus negocios.<\/li>\n\n\n\n<li>Elaborar perfiles de consumo y compra, lo que nos permite personalizar nuestros servicios y ofrecerle mejores productos para mejorar su experiencia de cliente.<\/li>\n\n\n\n<li>Realizar encuestas con la finalidad de mejorar nuestros servicios, productos y soporte.<\/li>\n\n\n\n<li>Realizar reportes de ventas y marketing.<\/li>\n\n\n\n<li>Realizar prospecciones de mercado; y otras actividades asociadas al cumplimiento de dichas finalidades, las cuales podr\u00e1n realizarse directamente por <a href=\"https:\/\/soluti.pe\/legal\/acercade\">SOLUTI PER\u00da<\/a> o por terceros como <a href=\"https:\/\/soluti.pe\/legal\/privacidad\/encargados-tratamiento\">encargados de tratamiento<\/a>.<\/li>\n<\/ol>\n\n\n\n<p>Almacenaremos su informaci\u00f3n en bancos de datos de titularidad de <a href=\"https:\/\/soluti.pe\/legal\/acercade\">SOLUTI PER\u00da<\/a>, los cuales se encuentran debidamente registrados en el Registro Nacional de Protecci\u00f3n de Datos Personales, de acuerdo con lo exigido por la Ley N\u00b0 29733 y su Reglamento. <\/p>\n\n\n\n<p>Si a\u00fan no adquiri\u00f3 un producto o servicio con <a href=\"https:\/\/soluti.pe\/legal\/acercade\">SOLUTI PER\u00da<\/a> y no posee una relaci\u00f3n contractual o comercial con nosotros, sus datos podr\u00e1n ser incluidos en el banco de datos denominado \u201cProspectos Leads CRM\u201d; en caso sea un cliente activo o haya adquirido anteriormente algunos de nuestros servicios y productos, sus datos personales se encontrar\u00e1n almacenados en el banco de datos de \u201cClientes ERP Facturaci\u00f3n\u201d o \u00abClientes Intellisign Cloud\u00bb. En caso haya postulado a una oferta de empleo de <a href=\"https:\/\/soluti.pe\/legal\/acercade\">SOLUTI PER\u00da<\/a> sus datos personales se encontrar\u00e1n almacenados en el banco de datos denominado \u201cCandidatos\u201d.<\/p>\n\n\n\n<p>Sus datos personales ser\u00e1n tratados por el tiempo necesario para cumplir con las finalidades listadas anteriormente; sin embargo, en m\u00e9rito de disposiciones regulatorias, podremos conservar su informaci\u00f3n luego de culminar la relaci\u00f3n comercial con nosotros, estableciendo en dicho caso, un periodo m\u00e1ximo de conservaci\u00f3n de 10 a\u00f1os posterior al t\u00e9rmino de la misma.<\/p>\n\n\n\n<p>Usted tiene el control de sus datos, por lo que en cualquier momento, podr\u00e1 revocar el consentimiento otorgado expresamente, tanto como limitar el uso o divulgaci\u00f3n de sus datos personales, solicitar sean suprimidos o cancelados al considerarlos innecesarios para las finalidades previamente expuestos o bien oponerse a su tratamiento para fines espec\u00edficos. Para ello, como titular de sus datos personales, podr\u00e1 ejercer alguno de sus <a href=\"https:\/\/soluti.pe\/legal\/privacidad\/solicitud-arco\">derechos ARCO en este formulario en l\u00ednea<\/a>.<\/p>\n","protected":false},"excerpt":{"rendered":"<p>Con su autorizaci\u00f3n, Identity del Per\u00fa S.A. (RUC: 20607123463) y Soluti Latam Per\u00fa S.A.C. (RUC: 20611364106) por separado o en su conjunto en adelante, \u00abSOLUTI PER\u00da\u00bb; tratar\u00e1n sus datos personales y\/o sensibles, los cuales se refieren a toda informaci\u00f3n que lo identifica o lo hace identificable, como sus: nombres, apellidos, documento de identidad, nacionalidad, direcci\u00f3n [&hellip;]<\/p>\n","protected":false},"author":1,"featured_media":0,"parent":3,"menu_order":0,"comment_status":"closed","ping_status":"closed","template":"","meta":{"footnotes":""},"class_list":["post-267","page","type-page","status-publish","hentry"],"_links":{"self":[{"href":"https:\/\/soluti.pe\/legal\/wp-json\/wp\/v2\/pages\/267","targetHints":{"allow":["GET"]}}],"collection":[{"href":"https:\/\/soluti.pe\/legal\/wp-json\/wp\/v2\/pages"}],"about":[{"href":"https:\/\/soluti.pe\/legal\/wp-json\/wp\/v2\/types\/page"}],"author":[{"embeddable":true,"href":"https:\/\/soluti.pe\/legal\/wp-json\/wp\/v2\/users\/1"}],"replies":[{"embeddable":true,"href":"https:\/\/soluti.pe\/legal\/wp-json\/wp\/v2\/comments?post=267"}],"version-history":[{"count":16,"href":"https:\/\/soluti.pe\/legal\/wp-json\/wp\/v2\/pages\/267\/revisions"}],"predecessor-version":[{"id":283,"href":"https:\/\/soluti.pe\/legal\/wp-json\/wp\/v2\/pages\/267\/revisions\/283"}],"up":[{"embeddable":true,"href":"https:\/\/soluti.pe\/legal\/wp-json\/wp\/v2\/pages\/3"}],"wp:attachment":[{"href":"https:\/\/soluti.pe\/legal\/wp-json\/wp\/v2\/media?parent=267"}],"curies":[{"name":"wp","href":"https:\/\/api.w.org\/{rel}","templated":true}]}}