{"id":237,"date":"2024-02-06T13:32:41","date_gmt":"2024-02-06T18:32:41","guid":{"rendered":"https:\/\/soluti.pe\/legal\/?page_id=237"},"modified":"2025-06-23T18:16:09","modified_gmt":"2025-06-23T23:16:09","slug":"acercade","status":"publish","type":"page","link":"https:\/\/soluti.pe\/legal\/acercade","title":{"rendered":"Acerca de Soluti en Per\u00fa"},"content":{"rendered":"\n<p>La marca Soluti en Per\u00fa opera a trav\u00e9s de <strong>Identity del Per\u00fa S.A. (20607123463)<\/strong>. Para m\u00e1s informaci\u00f3n lea nuestras\u00a0<strong><a href=\"https:\/\/soluti.pe\/legal\/terminos\">Condiciones de Servicios<\/a><\/strong>.<\/p>\n\n\n\n<p>La empresa <strong>Identity del Per\u00fa S.A (RUC 20607123463)<\/strong>, fue adquirida en su totalidad en agosto de 2023 por el IDTech m\u00e1s importante de Brasil, llamado <a href=\"https:\/\/soluti.com.br\">Soluti Digital<\/a>. Puede revisar las comunicaciones y notas de prensa sobre esta adquisici\u00f3n:<\/p>\n\n\n\n<ul class=\"wp-block-list\">\n<li><strong>En Espa\u00f1ol<\/strong><\/li>\n\n\n\n<li><a href=\"https:\/\/www.intellisign.pe\/soluti-digital-brasil-adquiere-intellisign\">https:\/\/www.intellisign.pe\/soluti-digital-brasil-adquiere-intellisign<\/a><\/li>\n\n\n\n<li><a href=\"https:\/\/www.idty.com\/es-la\/soluti-brasil-completa-adquisicion-intellisign-certificacion-digital-pe\">https:\/\/www.idty.com\/es-la\/soluti-brasil-completa-adquisicion-intellisign-certificacion-digital-pe<\/a> (ext).<\/li>\n<\/ul>\n\n\n\n<p><\/p>\n\n\n\n<ul class=\"wp-block-list\">\n<li><strong>Portugu\u00e9s:<\/strong><\/li>\n\n\n\n<li><a href=\"https:\/\/cryptoid.com.br\/soluti\/soluti-intensifica-expansao-na-america-latina-com-a-aquisicao-da-plataforma-intellisign\/\">https:\/\/cryptoid.com.br\/soluti\/soluti-intensifica-expansao-na-america-latina-com-a-aquisicao-da-plataforma-intellisign\/<\/a> (ext)<\/li>\n\n\n\n<li><a href=\"https:\/\/exame.com\/negocios\/goiana-soluti-compra-empresa-peruana-de-identidade-digital-e-inicia-expansao-internacional\/\">https:\/\/exame.com\/negocios\/goiana-soluti-compra-empresa-peruana-de-identidade-digital-e-inicia-expansao-internacional\/<\/a> (ext)<\/li>\n<\/ul>\n\n\n\n<p><strong>Comunicaciones autorizadas por correo electr\u00f3nico<\/strong><\/p>\n\n\n\n<p>Las comunicaciones que nuestros clientes reciban a nivel nacional en Per\u00fa, se realizar\u00e1n desde correos electr\u00f3nicos como:<\/p>\n\n\n\n<ul class=\"wp-block-list\">\n<li>@solutitech.com&nbsp;<\/li>\n\n\n\n<li>@soluti.com.br<\/li>\n\n\n\n<li>@intellisign.net<\/li>\n<\/ul>\n\n\n\n<p>Para consultas legales referidas a esta transacci\u00f3n o sitio web, por favor utilice nuestra <strong><a href=\"https:\/\/soluti.pe\/legal\/contacto-legal\/\">secci\u00f3n de contacto legal<\/a><\/strong>, desde donde nuestros especialistas atender\u00e1n sus requerimientos.<\/p>\n","protected":false},"excerpt":{"rendered":"<p>La marca Soluti en Per\u00fa opera a trav\u00e9s de Identity del Per\u00fa S.A. (20607123463). Para m\u00e1s informaci\u00f3n lea nuestras\u00a0Condiciones de Servicios. La empresa Identity del Per\u00fa S.A (RUC 20607123463), fue adquirida en su totalidad en agosto de 2023 por el IDTech m\u00e1s importante de Brasil, llamado Soluti Digital. Puede revisar las comunicaciones y notas de [&hellip;]<\/p>\n","protected":false},"author":1,"featured_media":0,"parent":0,"menu_order":0,"comment_status":"closed","ping_status":"closed","template":"","meta":{"footnotes":""},"class_list":["post-237","page","type-page","status-publish","hentry"],"_links":{"self":[{"href":"https:\/\/soluti.pe\/legal\/wp-json\/wp\/v2\/pages\/237","targetHints":{"allow":["GET"]}}],"collection":[{"href":"https:\/\/soluti.pe\/legal\/wp-json\/wp\/v2\/pages"}],"about":[{"href":"https:\/\/soluti.pe\/legal\/wp-json\/wp\/v2\/types\/page"}],"author":[{"embeddable":true,"href":"https:\/\/soluti.pe\/legal\/wp-json\/wp\/v2\/users\/1"}],"replies":[{"embeddable":true,"href":"https:\/\/soluti.pe\/legal\/wp-json\/wp\/v2\/comments?post=237"}],"version-history":[{"count":10,"href":"https:\/\/soluti.pe\/legal\/wp-json\/wp\/v2\/pages\/237\/revisions"}],"predecessor-version":[{"id":372,"href":"https:\/\/soluti.pe\/legal\/wp-json\/wp\/v2\/pages\/237\/revisions\/372"}],"wp:attachment":[{"href":"https:\/\/soluti.pe\/legal\/wp-json\/wp\/v2\/media?parent=237"}],"curies":[{"name":"wp","href":"https:\/\/api.w.org\/{rel}","templated":true}]}}