{"id":210,"date":"2024-02-05T02:00:36","date_gmt":"2024-02-05T07:00:36","guid":{"rendered":"https:\/\/soluti.pe\/legal\/?page_id=210"},"modified":"2024-02-17T16:12:26","modified_gmt":"2024-02-17T21:12:26","slug":"etica","status":"publish","type":"page","link":"https:\/\/soluti.pe\/legal\/etica","title":{"rendered":"Pol\u00edticas de \u00c9tica y Conducta"},"content":{"rendered":"\n<p>Nuestra empresa se encuentra alineada a las mejores pr\u00e1cticas laborales y organizacionales a nivel local e internacional, y ha creado un c\u00f3digo de conducta como una&nbsp;gu\u00eda de obligatoria lectura e interpretaci\u00f3n para nuestros colaboradores, proveedores y empleados, lo que nos permitir\u00e1 asegurar un comportamiento adecuado para&nbsp;mantener los mejores est\u00e1ndares de integridad y honestidad.<\/p>\n\n\n\n<p><strong>Contenidos de este documento:<\/strong><\/p>\n\n\n\n<ol class=\"wp-block-list\">\n<li>Comportamiento basado en el respeto mutuo.<\/li>\n\n\n\n<li>Igualdad de oportunidad.<\/li>\n\n\n\n<li>Deber de diligencia.<\/li>\n\n\n\n<li>Intoxicantes.<\/li>\n\n\n\n<li>Informacion confidencial.<\/li>\n\n\n\n<li>Conflicto de intereses.<\/li>\n\n\n\n<li>Salvaguarda y uso apropiado de activos.<\/li>\n\n\n\n<li>Cumplimiento de leyes en general.<\/li>\n\n\n\n<li>Anticorrupci\u00f3n: Sobornos, regalos y favores.<\/li>\n\n\n\n<li>Seguridad, salud ocupacional y medioambiente.<\/li>\n\n\n\n<li>Responsabilidad social.<\/li>\n\n\n\n<li>Actividades-contribuciones pol\u00edticas.<\/li>\n\n\n\n<li>Cumplimiento de obligaciones.<\/li>\n<\/ol>\n\n\n\n<div class=\"wp-block-buttons is-layout-flex wp-block-buttons-is-layout-flex\">\n<div class=\"wp-block-button\"><a class=\"wp-block-button__link wp-element-button\" href=\"https:\/\/soluti.pe\/legal\/contacto-legal\">Solicitar C\u00f3digo \u00c9tica<\/a><\/div>\n<\/div>\n","protected":false},"excerpt":{"rendered":"<p>Nuestra empresa se encuentra alineada a las mejores pr\u00e1cticas laborales y organizacionales a nivel local e internacional, y ha creado un c\u00f3digo de conducta como una&nbsp;gu\u00eda de obligatoria lectura e interpretaci\u00f3n para nuestros colaboradores, proveedores y empleados, lo que nos permitir\u00e1 asegurar un comportamiento adecuado para&nbsp;mantener los mejores est\u00e1ndares de integridad y honestidad. Contenidos de [&hellip;]<\/p>\n","protected":false},"author":1,"featured_media":0,"parent":0,"menu_order":0,"comment_status":"closed","ping_status":"closed","template":"","meta":{"footnotes":""},"class_list":["post-210","page","type-page","status-publish","hentry"],"_links":{"self":[{"href":"https:\/\/soluti.pe\/legal\/wp-json\/wp\/v2\/pages\/210","targetHints":{"allow":["GET"]}}],"collection":[{"href":"https:\/\/soluti.pe\/legal\/wp-json\/wp\/v2\/pages"}],"about":[{"href":"https:\/\/soluti.pe\/legal\/wp-json\/wp\/v2\/types\/page"}],"author":[{"embeddable":true,"href":"https:\/\/soluti.pe\/legal\/wp-json\/wp\/v2\/users\/1"}],"replies":[{"embeddable":true,"href":"https:\/\/soluti.pe\/legal\/wp-json\/wp\/v2\/comments?post=210"}],"version-history":[{"count":3,"href":"https:\/\/soluti.pe\/legal\/wp-json\/wp\/v2\/pages\/210\/revisions"}],"predecessor-version":[{"id":327,"href":"https:\/\/soluti.pe\/legal\/wp-json\/wp\/v2\/pages\/210\/revisions\/327"}],"wp:attachment":[{"href":"https:\/\/soluti.pe\/legal\/wp-json\/wp\/v2\/media?parent=210"}],"curies":[{"name":"wp","href":"https:\/\/api.w.org\/{rel}","templated":true}]}}